{"id":439,"date":"2024-12-15T09:06:36","date_gmt":"2024-12-15T09:06:36","guid":{"rendered":"https:\/\/silvasdevelopment.com\/spanish\/?page_id=439"},"modified":"2024-12-16T02:35:56","modified_gmt":"2024-12-16T02:35:56","slug":"notarizaciones","status":"publish","type":"page","link":"https:\/\/silvasdevelopment.com\/spanish\/notarizaciones\/","title":{"rendered":"Notarizaciones Publicas"},"content":{"rendered":"\n<p><\/p>\n\n\n\n<div class=\"wp-block-group alignfull has-global-padding is-layout-constrained wp-container-core-group-is-layout-84e05763 wp-block-group-is-layout-constrained has-background\" style=\"margin-bottom:var(--wp--preset--spacing--xx-large);padding-top:0;padding-bottom:0;background-position:50% 0;\">\n<div class=\"wp-block-columns are-vertically-aligned-center is-layout-flex wp-container-core-columns-is-layout-d7c76d31 wp-block-columns-is-layout-flex\">\n<div class=\"wp-block-column is-vertically-aligned-center is-layout-flow wp-container-core-column-is-layout-c7b3064f wp-block-column-is-layout-flow\">\n<div class=\"wp-block-group is-horizontal is-content-justification-left is-nowrap is-layout-flex wp-container-core-group-is-layout-e5fbeb3a wp-block-group-is-layout-flex\">\n<div class=\"wp-block-group is-nowrap is-layout-flex wp-container-core-group-is-layout-6c531013 wp-block-group-is-layout-flex\">\n<figure class=\"wp-block-image size-large is-resized has-custom-border\"><img loading=\"lazy\" decoding=\"async\" width=\"987\" height=\"1024\" src=\"https:\/\/silvasdevelopment.com\/spanish\/wp-content\/uploads\/2024\/12\/NOTARIO-987x1024.png\" alt=\"\" class=\"wp-image-443\" style=\"border-top-left-radius:15px;border-bottom-left-radius:15px;width:516px;height:auto\" srcset=\"https:\/\/silvasdevelopment.com\/spanish\/wp-content\/uploads\/2024\/12\/NOTARIO-987x1024.png 987w, https:\/\/silvasdevelopment.com\/spanish\/wp-content\/uploads\/2024\/12\/NOTARIO-289x300.png 289w, https:\/\/silvasdevelopment.com\/spanish\/wp-content\/uploads\/2024\/12\/NOTARIO-768x796.png 768w, https:\/\/silvasdevelopment.com\/spanish\/wp-content\/uploads\/2024\/12\/NOTARIO.png 1052w\" sizes=\"auto, (max-width: 987px) 100vw, 987px\" \/><\/figure>\n<\/div>\n\n\n\n<div class=\"wp-block-group is-nowrap is-layout-flex wp-container-core-group-is-layout-6c531013 wp-block-group-is-layout-flex\"><\/div>\n<\/div>\n<\/div>\n\n\n\n<div class=\"wp-block-column is-vertically-aligned-center is-layout-flow wp-container-core-column-is-layout-c7b3064f wp-block-column-is-layout-flow\">\n<h6 class=\"wp-block-heading\" style=\"line-height:1.2\">Servicio Moviles <\/h6>\n\n\n\n<h2 class=\"wp-block-heading has-heading-color has-text-color has-link-color wp-elements-c175c1cd4ae97840cdb5894c070edadc\" style=\"font-style:normal;font-weight:700\">Servicio de Notarizaci\u00f3n<\/h2>\n\n\n\n<p style=\"font-size:17px\">Nuestro servicio de Notarizaci\u00f3n esta al alcanc\u00e9 de sus manos. Podemos viajar a usted o puede venir a nuestra oficina. Ofrecemos servicios mensuales oh rutinario.  <\/p>\n\n\n\n<p style=\"font-size:17px\">Solicita tu cita especial o ll\u00e1manos para venir a nuestra oficina. <\/p>\n\n\n\n<div class=\"wp-block-group is-nowrap is-layout-flex wp-container-core-group-is-layout-6c531013 wp-block-group-is-layout-flex\">\n<div class=\"wp-block-group is-nowrap is-layout-flex wp-container-core-group-is-layout-6c531013 wp-block-group-is-layout-flex\">\n<div class=\"wp-block-buttons is-content-justification-left is-layout-flex wp-container-core-buttons-is-layout-fc4fd283 wp-block-buttons-is-layout-flex\">\n<div class=\"wp-block-button has-custom-font-size has-medium-font-size\"><a class=\"wp-block-button__link wp-element-button\" href=\"#cita\" style=\"border-radius:30px;padding-top:var(--wp--preset--spacing--x-small);padding-right:var(--wp--preset--spacing--medium);padding-bottom:var(--wp--preset--spacing--x-small);padding-left:var(--wp--preset--spacing--medium)\"><strong>Solicitar Cita<\/strong><\/a><\/div>\n<\/div>\n<\/div>\n\n\n\n<div class=\"wp-block-group is-nowrap is-layout-flex wp-container-core-group-is-layout-6c531013 wp-block-group-is-layout-flex\">\n<div class=\"wp-block-buttons is-content-justification-left is-layout-flex wp-container-core-buttons-is-layout-fc4fd283 wp-block-buttons-is-layout-flex\">\n<div class=\"wp-block-button has-custom-font-size is-style-fill has-medium-font-size\"><a class=\"wp-block-button__link has-border-color has-accent-border-color wp-element-button\" href=\"#cita\" style=\"border-width:2px;border-radius:30px;padding-top:var(--wp--preset--spacing--x-small);padding-right:var(--wp--preset--spacing--medium);padding-bottom:var(--wp--preset--spacing--x-small);padding-left:var(--wp--preset--spacing--medium)\"><strong>Venir a mi<\/strong><\/a><\/div>\n<\/div>\n<\/div>\n<\/div>\n<\/div>\n<\/div>\n<\/div>\n\n\n\n<div class=\"wp-block-uagb-image uagb-block-149b4cd6 wp-block-uagb-image--layout-default wp-block-uagb-image--effect-static wp-block-uagb-image--align-none\"><figure class=\"wp-block-uagb-image__figure\"><img decoding=\"async\" srcset=\"https:\/\/silvasdevelopment.com\/spanish\/wp-content\/uploads\/2024\/12\/NOTARY-1024x455.png ,https:\/\/silvasdevelopment.com\/spanish\/wp-content\/uploads\/2024\/12\/NOTARY.png 780w, https:\/\/silvasdevelopment.com\/spanish\/wp-content\/uploads\/2024\/12\/NOTARY.png 360w\" sizes=\"auto, (max-width: 480px) 150px\" src=\"https:\/\/silvasdevelopment.com\/spanish\/wp-content\/uploads\/2024\/12\/NOTARY-1024x455.png\" alt=\"\" class=\"uag-image-452\" width=\"1170\" height=\"376\" title=\"NOTARY\" loading=\"lazy\" role=\"img\"\/><\/figure><\/div>\n\n\n\n<div class=\"wp-block-columns is-layout-flex wp-container-core-columns-is-layout-28f84493 wp-block-columns-is-layout-flex\">\n<div class=\"wp-block-column is-layout-flow wp-block-column-is-layout-flow\">\n<div class=\"wp-block-uagb-advanced-heading uagb-block-5540ba71\" id=\"cita\"><h2 class=\"uagb-heading-text\">Solicitanos para ir a usted <\/h2><\/div>\n\n\n<div class='fluentform ff-default fluentform_wrapper_2  ff_guten_block ff_guten_block-2 ffs_default_wrap'><form data-form_id=\"2\" id=\"fluentform_2\" class=\"frm-fluent-form fluent_form_2 ff-el-form-top ff_form_instance_2_1 ff-form-loading ffs_default\" data-form_instance=\"ff_form_instance_2_1\" method=\"POST\" ><fieldset  style=\"border: none!important;margin: 0!important;padding: 0!important;background-color: transparent!important;box-shadow: none!important;outline: none!important; min-inline-size: 100%;\">\n                    <legend class=\"ff_screen_reader_title\" style=\"display: block; margin: 0!important;padding: 0!important;height: 0!important;text-indent: -999999px;width: 0!important;overflow:hidden;\">Notario Cita<\/legend><input type='hidden' name='__fluent_form_embded_post_id' value='439' \/><input type=\"hidden\" id=\"_fluentform_2_fluentformnonce\" name=\"_fluentform_2_fluentformnonce\" value=\"827919015d\" \/><input type=\"hidden\" name=\"_wp_http_referer\" value=\"\/spanish\/wp-json\/wp\/v2\/pages\/439\" \/><div data-type=\"name-element\" data-name=\"names\" class=\" ff-field_container ff-name-field-wrapper\" ><div class='ff-t-container'><div class='ff-t-cell '><div class='ff-el-group ff-el-form-top'><div class=\"ff-el-input--label asterisk-right\"><label for='ff_2_names_first_name_' id='label_ff_2_names_first_name_' >Nombre<\/label><\/div><div class='ff-el-input--content'><input type=\"text\" name=\"names[first_name]\" id=\"ff_2_names_first_name_\" class=\"ff-el-form-control\" placeholder=\"Entra tu nombre\" aria-invalid=\"false\" aria-required=false><\/div><\/div><\/div><div class='ff-t-cell '><div class='ff-el-group ff-el-form-top'><div class=\"ff-el-input--label asterisk-right\"><label for='ff_2_names_last_name_' id='label_ff_2_names_last_name_' >Last Name<\/label><\/div><div class='ff-el-input--content'><input type=\"text\" name=\"names[last_name]\" id=\"ff_2_names_last_name_\" class=\"ff-el-form-control\" placeholder=\"Entra tu Apellido\" aria-invalid=\"false\" aria-required=false><\/div><\/div><\/div><\/div><\/div><div class='ff-el-group'><div class=\"ff-el-input--label asterisk-right\"><label for='ff_2_email' id='label_ff_2_email' aria-label=\"Email\">Email<\/label><\/div><div class='ff-el-input--content'><input type=\"email\" name=\"email\" id=\"ff_2_email\" class=\"ff-el-form-control\" placeholder=\"Correo Electronico\" data-name=\"email\"  aria-invalid=\"false\" aria-required=false><\/div><\/div><div class='ff-el-group'><div class=\"ff-el-input--label asterisk-right\"><label for='ff_2_numeric_field' id='label_ff_2_numeric_field' aria-label=\"Numero de Telefono\">Numero de Telefono<\/label><\/div><div class='ff-el-input--content'><input type=\"number\" name=\"numeric_field\" id=\"ff_2_numeric_field\" class=\"ff-el-form-control\" placeholder=\"Entra tu numero\" data-name=\"numeric_field\" inputmode=\"numeric\" step=\"any\"  aria-invalid=\"false\" aria-required=false><\/div><\/div><div class='ff-el-group'><div class=\"ff-el-input--label asterisk-right\"><label   aria-label=\"Solicitas que vallamos a usted?\">Solicitas que vallamos a usted?<\/label><\/div><div class='ff-el-input--content'><div class='ff-el-form-check ff-el-form-check-'><label class='ff-el-form-check-label' for='input_radio_50aa489ee690e7c28372cf25af637f68'><input  type=\"radio\" name=\"input_radio\" data-name=\"input_radio\" class=\"ff-el-form-check-input ff-el-form-check-radio\" value=\"SI\"  id='input_radio_50aa489ee690e7c28372cf25af637f68' aria-label='SI' aria-invalid='false' aria-required=false> <span>SI<\/span><\/label><\/div><div class='ff-el-form-check ff-el-form-check-'><label class='ff-el-form-check-label' for='input_radio_d6b7dcc439f4db767fdf945fc93c6050'><input  type=\"radio\" name=\"input_radio\" data-name=\"input_radio\" class=\"ff-el-form-check-input ff-el-form-check-radio\" value=\"No\"  id='input_radio_d6b7dcc439f4db767fdf945fc93c6050' aria-label='No' aria-invalid='false' aria-required=false> <span>No<\/span><\/label><\/div><\/div><\/div><div class=\"ff-name-address-wrapper fluent-address\" data-type=\"address-element\" data-name=\"address_1\" ><div class='ff-el-input--label'><label aria-label=\"Direcci\u00f3n a donde vamos a vamos\">Direcci\u00f3n a donde vamos a vamos<\/label><\/div><div class='ff-el-input--content'><div class='ff-t-container'><div class='ff-t-cell'><div class='ff-el-group'><div class=\"ff-el-input--label asterisk-right\"><label for='ff_2_address_1_address_line_1_' id='label_ff_2_address_1_address_line_1_' aria-label=\"Direccion\">Direccion<\/label><\/div><div class='ff-el-input--content'><input type=\"text\" name=\"address_1[address_line_1]\" id=\"ff_2_address_1_address_line_1_\" class=\"ff-el-form-control\" placeholder=\"Entra tu direcci\u00f3n\" data-key_name=\"address_line_1\"  aria-invalid=\"false\" aria-required=false><\/div><\/div><\/div><div class='ff-t-cell'><div class='ff-el-group'><div class=\"ff-el-input--label asterisk-right\"><label for='ff_2_address_1_city_' id='label_ff_2_address_1_city_' aria-label=\"City\">City<\/label><\/div><div class='ff-el-input--content'><input type=\"text\" name=\"address_1[city]\" id=\"ff_2_address_1_city_\" class=\"ff-el-form-control\" placeholder=\"City\" data-key_name=\"city\"  aria-invalid=\"false\" aria-required=false><\/div><\/div><\/div><\/div><div class='ff-t-container'><div class='ff-t-cell'><div class='ff-el-group'><div class=\"ff-el-input--label asterisk-right\"><label for='ff_2_address_1_state_' id='label_ff_2_address_1_state_' aria-label=\"State\">State<\/label><\/div><div class='ff-el-input--content'><input type=\"text\" name=\"address_1[state]\" id=\"ff_2_address_1_state_\" class=\"ff-el-form-control\" placeholder=\"State\" data-key_name=\"state\"  aria-invalid=\"false\" aria-required=false><\/div><\/div><\/div><div class='ff-t-cell'><div class='ff-el-group'><div class=\"ff-el-input--label asterisk-right\"><label for='ff_2_address_1_zip_' id='label_ff_2_address_1_zip_' aria-label=\"Zip Code\">Zip Code<\/label><\/div><div class='ff-el-input--content'><input type=\"text\" name=\"address_1[zip]\" id=\"ff_2_address_1_zip_\" class=\"ff-el-form-control\" placeholder=\"Zip\" data-key_name=\"zip\"  aria-invalid=\"false\" aria-required=false><\/div><\/div><\/div><\/div><\/div><\/div><div class='ff-el-group'><div class=\"ff-el-input--label asterisk-right\"><label for='ff_2_datetime' id='label_ff_2_datetime' aria-label=\"Fecha y Hora\">Fecha y Hora<\/label><\/div><div class='ff-el-input--content'><input  aria-label='Fecha y Hora Use arrow keys to navigate dates. Press enter to select a date.'  aria-haspopup='dialog' data-type-datepicker data-format='m\/d\/Y' type=\"text\" name=\"datetime\" id=\"ff_2_datetime\" class=\"ff-el-form-control ff-el-datepicker\" data-name=\"datetime\"  aria-invalid='false' aria-required=false><\/div><\/div><div class='ff-el-group ff-text-left ff_submit_btn_wrapper'><button type=\"submit\" class=\"ff-btn ff-btn-submit ff-btn-md ff_btn_style\"  aria-label=\"Pedir mi cita\">Pedir mi cita<\/button><\/div><\/fieldset><\/form><div id='fluentform_2_errors' class='ff-errors-in-stack ff_form_instance_2_1 ff-form-loading_errors ff_form_instance_2_1_errors'><\/div><\/div>            <script type=\"text\/javascript\">\n                window.fluent_form_ff_form_instance_2_1 = {\"id\":\"2\",\"ajaxUrl\":\"https:\\\/\\\/silvasdevelopment.com\\\/spanish\\\/wp-admin\\\/admin-ajax.php\",\"settings\":{\"layout\":{\"labelPlacement\":\"top\",\"helpMessagePlacement\":\"with_label\",\"errorMessagePlacement\":\"inline\",\"asteriskPlacement\":\"asterisk-right\"},\"restrictions\":{\"denyEmptySubmission\":{\"enabled\":false}}},\"form_instance\":\"ff_form_instance_2_1\",\"form_id_selector\":\"fluentform_2\",\"rules\":{\"names[first_name]\":{\"required\":{\"value\":false,\"message\":\"This field is required\",\"global_message\":\"This field is required\",\"global\":true}},\"names[middle_name]\":{\"required\":{\"value\":false,\"message\":\"This field is required\",\"global_message\":\"This field is required\",\"global\":true}},\"names[last_name]\":{\"required\":{\"value\":false,\"message\":\"This field is required\",\"global_message\":\"This field is required\",\"global\":true}},\"email\":{\"required\":{\"value\":false,\"message\":\"This field is required\",\"global_message\":\"This field is required\",\"global\":true},\"email\":{\"value\":true,\"message\":\"This field must contain a valid email\",\"global_message\":\"This field must contain a valid email\",\"global\":true}},\"numeric_field\":{\"required\":{\"value\":false,\"message\":\"This field is required\",\"global_message\":\"This field is required\",\"global\":true},\"numeric\":{\"value\":true,\"message\":\"This field must contain numeric value\",\"global_message\":\"This field must contain numeric value\",\"global\":true},\"min\":{\"value\":\"\",\"message\":\"Validation fails for minimum value\",\"global_message\":\"Validation fails for minimum value\",\"global\":true},\"max\":{\"value\":\"\",\"message\":\"Validation fails for maximum value\",\"global_message\":\"Validation fails for maximum value\",\"global\":true},\"digits\":{\"value\":\"\",\"message\":\"Validation fails for limited digits\",\"global_message\":\"Validation fails for limited digits\",\"global\":true}},\"input_radio\":{\"required\":{\"value\":false,\"message\":\"This field is required\",\"global_message\":\"This field is required\",\"global\":true}},\"address_1[address_line_1]\":{\"required\":{\"value\":false,\"message\":\"This field is required\",\"global_message\":\"This field is required\",\"global\":true}},\"address_1[address_line_2]\":{\"required\":{\"value\":false,\"message\":\"This field is required\",\"global_message\":\"This field is required\",\"global\":true}},\"address_1[city]\":{\"required\":{\"value\":false,\"message\":\"This field is required\",\"global_message\":\"This field is required\",\"global\":true}},\"address_1[state]\":{\"required\":{\"value\":false,\"message\":\"This field is required\",\"global_message\":\"This field is required\",\"global\":true}},\"address_1[zip]\":{\"required\":{\"value\":false,\"message\":\"This field is required\",\"global_message\":\"This field is required\",\"global\":true}},\"address_1[country]\":{\"required\":{\"value\":false,\"message\":\"This field is required\",\"global_message\":\"This field is required\",\"global\":true}},\"datetime\":{\"required\":{\"value\":false,\"message\":\"This field is required\",\"global_message\":\"This field is required\",\"global\":true}}},\"debounce_time\":300};\n                            <\/script>\n            <\/div>\n<\/div>\n\n\n\n<div class=\"wp-block-columns is-layout-flex wp-container-core-columns-is-layout-28f84493 wp-block-columns-is-layout-flex\"><\/div>\n","protected":false},"excerpt":{"rendered":"<p>Servicio Moviles Servicio de Notarizaci\u00f3n Nuestro servicio de Notarizaci\u00f3n esta al alcanc\u00e9 de sus manos. Podemos viajar a usted o puede venir a nuestra oficina. Ofrecemos servicios mensuales oh rutinario. Solicita tu cita especial o ll\u00e1manos para venir a nuestra oficina. Solicitanos para ir a usted<\/p>\n","protected":false},"author":1,"featured_media":0,"parent":0,"menu_order":0,"comment_status":"closed","ping_status":"closed","template":"","meta":{"_uag_custom_page_level_css":"","footnotes":""},"class_list":["post-439","page","type-page","status-publish","hentry"],"uagb_featured_image_src":{"full":false,"thumbnail":false,"medium":false,"medium_large":false,"large":false,"1536x1536":false,"2048x2048":false},"uagb_author_info":{"display_name":"admin","author_link":"https:\/\/silvasdevelopment.com\/spanish\/author\/admin\/"},"uagb_comment_info":0,"uagb_excerpt":"Servicio Moviles Servicio de Notarizaci\u00f3n Nuestro servicio de Notarizaci\u00f3n esta al alcanc\u00e9 de sus manos. Podemos viajar a usted o puede venir a nuestra oficina. Ofrecemos servicios mensuales oh rutinario. Solicita tu cita especial o ll\u00e1manos para venir a nuestra oficina. Solicitanos para ir a usted","_links":{"self":[{"href":"https:\/\/silvasdevelopment.com\/spanish\/wp-json\/wp\/v2\/pages\/439","targetHints":{"allow":["GET"]}}],"collection":[{"href":"https:\/\/silvasdevelopment.com\/spanish\/wp-json\/wp\/v2\/pages"}],"about":[{"href":"https:\/\/silvasdevelopment.com\/spanish\/wp-json\/wp\/v2\/types\/page"}],"author":[{"embeddable":true,"href":"https:\/\/silvasdevelopment.com\/spanish\/wp-json\/wp\/v2\/users\/1"}],"replies":[{"embeddable":true,"href":"https:\/\/silvasdevelopment.com\/spanish\/wp-json\/wp\/v2\/comments?post=439"}],"version-history":[{"count":18,"href":"https:\/\/silvasdevelopment.com\/spanish\/wp-json\/wp\/v2\/pages\/439\/revisions"}],"predecessor-version":[{"id":497,"href":"https:\/\/silvasdevelopment.com\/spanish\/wp-json\/wp\/v2\/pages\/439\/revisions\/497"}],"wp:attachment":[{"href":"https:\/\/silvasdevelopment.com\/spanish\/wp-json\/wp\/v2\/media?parent=439"}],"curies":[{"name":"wp","href":"https:\/\/api.w.org\/{rel}","templated":true}]}}