{"id":434,"date":"2024-12-15T09:00:14","date_gmt":"2024-12-15T09:00:14","guid":{"rendered":"https:\/\/silvasdevelopment.com\/spanish\/?page_id=434"},"modified":"2024-12-15T09:01:16","modified_gmt":"2024-12-15T09:01:16","slug":"empresas","status":"publish","type":"page","link":"https:\/\/silvasdevelopment.com\/spanish\/empresas\/","title":{"rendered":"Portafolio de Empresas"},"content":{"rendered":"\n<p class=\"has-text-align-center has-body-font-family\">Nuestra cartera de negocios se est\u00e1 expandiendo diariamente. Nos complace presentar una lista de empresas a las que hemos tenido el privilegio de ayudar en su establecimiento y desarrollo. Muchos de nuestros clientes han fundado con \u00e9xito empresas que se construyeron sobre una base s\u00f3lida desde el principio. Te invitamos a darnos la oportunidad de ayudarte a hacer realidad tu visi\u00f3n.<\/p>\n\n\n\n<p><\/p>\n\n\n\n<div class=\"wp-block-columns is-layout-flex wp-container-core-columns-is-layout-28f84493 wp-block-columns-is-layout-flex\">\n<div class=\"wp-block-column is-layout-flow wp-block-column-is-layout-flow\">\n<figure class=\"wp-block-image size-large\"><img loading=\"lazy\" decoding=\"async\" width=\"1024\" height=\"576\" src=\"https:\/\/silvasdevelopment.com\/spanish\/wp-content\/uploads\/2024\/12\/RODRIGUEZSPANISH-1024x576.png\" alt=\"\" class=\"wp-image-432\" srcset=\"https:\/\/silvasdevelopment.com\/spanish\/wp-content\/uploads\/2024\/12\/RODRIGUEZSPANISH-1024x576.png 1024w, https:\/\/silvasdevelopment.com\/spanish\/wp-content\/uploads\/2024\/12\/RODRIGUEZSPANISH-300x169.png 300w, https:\/\/silvasdevelopment.com\/spanish\/wp-content\/uploads\/2024\/12\/RODRIGUEZSPANISH-768x432.png 768w, https:\/\/silvasdevelopment.com\/spanish\/wp-content\/uploads\/2024\/12\/RODRIGUEZSPANISH.png 1400w\" sizes=\"auto, (max-width: 1024px) 100vw, 1024px\" \/><\/figure>\n<\/div>\n\n\n\n<div class=\"wp-block-column is-layout-flow wp-block-column-is-layout-flow\">\n<figure class=\"wp-block-image size-large\"><img loading=\"lazy\" decoding=\"async\" width=\"1024\" height=\"574\" src=\"https:\/\/silvasdevelopment.com\/spanish\/wp-content\/uploads\/2024\/12\/REMODLINGLLCSPANISH-1024x574.png\" alt=\"\" class=\"wp-image-431\" srcset=\"https:\/\/silvasdevelopment.com\/spanish\/wp-content\/uploads\/2024\/12\/REMODLINGLLCSPANISH-1024x574.png 1024w, https:\/\/silvasdevelopment.com\/spanish\/wp-content\/uploads\/2024\/12\/REMODLINGLLCSPANISH-300x168.png 300w, https:\/\/silvasdevelopment.com\/spanish\/wp-content\/uploads\/2024\/12\/REMODLINGLLCSPANISH-768x431.png 768w, https:\/\/silvasdevelopment.com\/spanish\/wp-content\/uploads\/2024\/12\/REMODLINGLLCSPANISH.png 1410w\" sizes=\"auto, (max-width: 1024px) 100vw, 1024px\" \/><\/figure>\n<\/div>\n<\/div>\n\n\n\n<div class=\"wp-block-columns is-layout-flex wp-container-core-columns-is-layout-28f84493 wp-block-columns-is-layout-flex\">\n<div class=\"wp-block-column is-layout-flow wp-block-column-is-layout-flow\">\n<figure class=\"wp-block-image size-large\"><img loading=\"lazy\" decoding=\"async\" width=\"1024\" height=\"577\" src=\"https:\/\/silvasdevelopment.com\/spanish\/wp-content\/uploads\/2024\/12\/NEWVISIONSPANISH-1024x577.png\" alt=\"\" class=\"wp-image-429\" srcset=\"https:\/\/silvasdevelopment.com\/spanish\/wp-content\/uploads\/2024\/12\/NEWVISIONSPANISH-1024x577.png 1024w, https:\/\/silvasdevelopment.com\/spanish\/wp-content\/uploads\/2024\/12\/NEWVISIONSPANISH-300x169.png 300w, https:\/\/silvasdevelopment.com\/spanish\/wp-content\/uploads\/2024\/12\/NEWVISIONSPANISH-768x433.png 768w, https:\/\/silvasdevelopment.com\/spanish\/wp-content\/uploads\/2024\/12\/NEWVISIONSPANISH.png 1408w\" sizes=\"auto, (max-width: 1024px) 100vw, 1024px\" \/><\/figure>\n<\/div>\n\n\n\n<div class=\"wp-block-column is-layout-flow wp-block-column-is-layout-flow\">\n<figure class=\"wp-block-image size-large\"><img loading=\"lazy\" decoding=\"async\" width=\"1024\" height=\"577\" src=\"https:\/\/silvasdevelopment.com\/spanish\/wp-content\/uploads\/2024\/12\/ORGANIZACION-SIN-FINES-DE-LUCROEBENZER-1024x577.png\" alt=\"\" class=\"wp-image-430\" srcset=\"https:\/\/silvasdevelopment.com\/spanish\/wp-content\/uploads\/2024\/12\/ORGANIZACION-SIN-FINES-DE-LUCROEBENZER-1024x577.png 1024w, https:\/\/silvasdevelopment.com\/spanish\/wp-content\/uploads\/2024\/12\/ORGANIZACION-SIN-FINES-DE-LUCROEBENZER-300x169.png 300w, https:\/\/silvasdevelopment.com\/spanish\/wp-content\/uploads\/2024\/12\/ORGANIZACION-SIN-FINES-DE-LUCROEBENZER-768x433.png 768w, https:\/\/silvasdevelopment.com\/spanish\/wp-content\/uploads\/2024\/12\/ORGANIZACION-SIN-FINES-DE-LUCROEBENZER.png 1408w\" sizes=\"auto, (max-width: 1024px) 100vw, 1024px\" \/><\/figure>\n<\/div>\n<\/div>\n\n\n\n<div class=\"wp-block-columns is-layout-flex wp-container-core-columns-is-layout-28f84493 wp-block-columns-is-layout-flex\">\n<div class=\"wp-block-column is-layout-flow wp-block-column-is-layout-flow\">\n<figure class=\"wp-block-image size-large\"><img loading=\"lazy\" decoding=\"async\" width=\"1024\" height=\"572\" src=\"https:\/\/silvasdevelopment.com\/spanish\/wp-content\/uploads\/2024\/12\/MARTINEZSPANISH-1024x572.png\" alt=\"\" class=\"wp-image-428\" srcset=\"https:\/\/silvasdevelopment.com\/spanish\/wp-content\/uploads\/2024\/12\/MARTINEZSPANISH-1024x572.png 1024w, https:\/\/silvasdevelopment.com\/spanish\/wp-content\/uploads\/2024\/12\/MARTINEZSPANISH-300x168.png 300w, https:\/\/silvasdevelopment.com\/spanish\/wp-content\/uploads\/2024\/12\/MARTINEZSPANISH-768x429.png 768w, https:\/\/silvasdevelopment.com\/spanish\/wp-content\/uploads\/2024\/12\/MARTINEZSPANISH.png 1416w\" sizes=\"auto, (max-width: 1024px) 100vw, 1024px\" \/><\/figure>\n<\/div>\n\n\n\n<div class=\"wp-block-column is-layout-flow wp-block-column-is-layout-flow\">\n<figure class=\"wp-block-image size-large\"><img loading=\"lazy\" decoding=\"async\" width=\"1024\" height=\"575\" src=\"https:\/\/silvasdevelopment.com\/spanish\/wp-content\/uploads\/2024\/12\/HERNANDEZ-REMODELINGSPANISH-1024x575.png\" alt=\"\" class=\"wp-image-427\" srcset=\"https:\/\/silvasdevelopment.com\/spanish\/wp-content\/uploads\/2024\/12\/HERNANDEZ-REMODELINGSPANISH-1024x575.png 1024w, https:\/\/silvasdevelopment.com\/spanish\/wp-content\/uploads\/2024\/12\/HERNANDEZ-REMODELINGSPANISH-300x169.png 300w, https:\/\/silvasdevelopment.com\/spanish\/wp-content\/uploads\/2024\/12\/HERNANDEZ-REMODELINGSPANISH-768x431.png 768w, https:\/\/silvasdevelopment.com\/spanish\/wp-content\/uploads\/2024\/12\/HERNANDEZ-REMODELINGSPANISH.png 1408w\" sizes=\"auto, (max-width: 1024px) 100vw, 1024px\" \/><\/figure>\n<\/div>\n<\/div>\n\n\n\n<div class=\"wp-block-columns is-layout-flex wp-container-core-columns-is-layout-28f84493 wp-block-columns-is-layout-flex\">\n<div class=\"wp-block-column is-layout-flow wp-block-column-is-layout-flow\">\n<figure class=\"wp-block-image size-large\"><img loading=\"lazy\" decoding=\"async\" width=\"1024\" height=\"571\" src=\"https:\/\/silvasdevelopment.com\/spanish\/wp-content\/uploads\/2024\/12\/DELEONSPISOESPANOL-1024x571.png\" alt=\"\" class=\"wp-image-426\" srcset=\"https:\/\/silvasdevelopment.com\/spanish\/wp-content\/uploads\/2024\/12\/DELEONSPISOESPANOL-1024x571.png 1024w, https:\/\/silvasdevelopment.com\/spanish\/wp-content\/uploads\/2024\/12\/DELEONSPISOESPANOL-300x167.png 300w, https:\/\/silvasdevelopment.com\/spanish\/wp-content\/uploads\/2024\/12\/DELEONSPISOESPANOL-768x428.png 768w, https:\/\/silvasdevelopment.com\/spanish\/wp-content\/uploads\/2024\/12\/DELEONSPISOESPANOL.png 1422w\" sizes=\"auto, (max-width: 1024px) 100vw, 1024px\" \/><\/figure>\n<\/div>\n\n\n\n<div class=\"wp-block-column is-layout-flow wp-block-column-is-layout-flow\">\n<figure class=\"wp-block-image size-large\"><img loading=\"lazy\" decoding=\"async\" width=\"1024\" height=\"575\" src=\"https:\/\/silvasdevelopment.com\/spanish\/wp-content\/uploads\/2024\/12\/CENTURIONSPANISH-1024x575.png\" alt=\"\" class=\"wp-image-425\" srcset=\"https:\/\/silvasdevelopment.com\/spanish\/wp-content\/uploads\/2024\/12\/CENTURIONSPANISH-1024x575.png 1024w, https:\/\/silvasdevelopment.com\/spanish\/wp-content\/uploads\/2024\/12\/CENTURIONSPANISH-300x169.png 300w, https:\/\/silvasdevelopment.com\/spanish\/wp-content\/uploads\/2024\/12\/CENTURIONSPANISH-768x431.png 768w, https:\/\/silvasdevelopment.com\/spanish\/wp-content\/uploads\/2024\/12\/CENTURIONSPANISH.png 1408w\" sizes=\"auto, (max-width: 1024px) 100vw, 1024px\" \/><\/figure>\n<\/div>\n<\/div>\n\n\n\n<div class=\"wp-block-columns is-layout-flex wp-container-core-columns-is-layout-28f84493 wp-block-columns-is-layout-flex\">\n<div class=\"wp-block-column is-layout-flow wp-block-column-is-layout-flow\">\n<figure class=\"wp-block-image size-large\"><img loading=\"lazy\" decoding=\"async\" width=\"1024\" height=\"575\" src=\"https:\/\/silvasdevelopment.com\/spanish\/wp-content\/uploads\/2024\/12\/BRAYNSFLOORINGSPANISH-1024x575.png\" alt=\"\" class=\"wp-image-424\" srcset=\"https:\/\/silvasdevelopment.com\/spanish\/wp-content\/uploads\/2024\/12\/BRAYNSFLOORINGSPANISH-1024x575.png 1024w, https:\/\/silvasdevelopment.com\/spanish\/wp-content\/uploads\/2024\/12\/BRAYNSFLOORINGSPANISH-300x169.png 300w, https:\/\/silvasdevelopment.com\/spanish\/wp-content\/uploads\/2024\/12\/BRAYNSFLOORINGSPANISH-768x431.png 768w, https:\/\/silvasdevelopment.com\/spanish\/wp-content\/uploads\/2024\/12\/BRAYNSFLOORINGSPANISH.png 1408w\" sizes=\"auto, (max-width: 1024px) 100vw, 1024px\" \/><\/figure>\n<\/div>\n\n\n\n<div class=\"wp-block-column is-layout-flow wp-block-column-is-layout-flow\"><\/div>\n<\/div>\n","protected":false},"excerpt":{"rendered":"<p>Nuestra cartera de negocios se est\u00e1 expandiendo diariamente. Nos complace presentar una lista de empresas a las que hemos tenido el privilegio de ayudar en su establecimiento y desarrollo. Muchos de nuestros clientes han fundado con \u00e9xito empresas que se construyeron sobre una base s\u00f3lida desde el principio. Te invitamos a darnos la oportunidad de [&hellip;]<\/p>\n","protected":false},"author":1,"featured_media":0,"parent":0,"menu_order":0,"comment_status":"closed","ping_status":"closed","template":"","meta":{"_uag_custom_page_level_css":"","footnotes":""},"class_list":["post-434","page","type-page","status-publish","hentry"],"uagb_featured_image_src":{"full":false,"thumbnail":false,"medium":false,"medium_large":false,"large":false,"1536x1536":false,"2048x2048":false},"uagb_author_info":{"display_name":"admin","author_link":"https:\/\/silvasdevelopment.com\/spanish\/author\/admin\/"},"uagb_comment_info":0,"uagb_excerpt":"Nuestra cartera de negocios se est\u00e1 expandiendo diariamente. Nos complace presentar una lista de empresas a las que hemos tenido el privilegio de ayudar en su establecimiento y desarrollo. Muchos de nuestros clientes han fundado con \u00e9xito empresas que se construyeron sobre una base s\u00f3lida desde el principio. Te invitamos a darnos la oportunidad de&hellip;","_links":{"self":[{"href":"https:\/\/silvasdevelopment.com\/spanish\/wp-json\/wp\/v2\/pages\/434","targetHints":{"allow":["GET"]}}],"collection":[{"href":"https:\/\/silvasdevelopment.com\/spanish\/wp-json\/wp\/v2\/pages"}],"about":[{"href":"https:\/\/silvasdevelopment.com\/spanish\/wp-json\/wp\/v2\/types\/page"}],"author":[{"embeddable":true,"href":"https:\/\/silvasdevelopment.com\/spanish\/wp-json\/wp\/v2\/users\/1"}],"replies":[{"embeddable":true,"href":"https:\/\/silvasdevelopment.com\/spanish\/wp-json\/wp\/v2\/comments?post=434"}],"version-history":[{"count":2,"href":"https:\/\/silvasdevelopment.com\/spanish\/wp-json\/wp\/v2\/pages\/434\/revisions"}],"predecessor-version":[{"id":436,"href":"https:\/\/silvasdevelopment.com\/spanish\/wp-json\/wp\/v2\/pages\/434\/revisions\/436"}],"wp:attachment":[{"href":"https:\/\/silvasdevelopment.com\/spanish\/wp-json\/wp\/v2\/media?parent=434"}],"curies":[{"name":"wp","href":"https:\/\/api.w.org\/{rel}","templated":true}]}}