{"id":147,"date":"2024-10-24T07:56:43","date_gmt":"2024-10-24T07:56:43","guid":{"rendered":"https:\/\/demo.blockskit.com\/consultancy\/?page_id=17"},"modified":"2024-12-16T02:30:28","modified_gmt":"2024-12-16T02:30:28","slug":"sobrenosotros","status":"publish","type":"page","link":"https:\/\/silvasdevelopment.com\/spanish\/sobrenosotros\/","title":{"rendered":"Sobre Nosotros"},"content":{"rendered":"\n<div class=\"wp-block-group alignfull has-global-padding is-layout-constrained wp-container-core-group-is-layout-84e05763 wp-block-group-is-layout-constrained has-background\" style=\"margin-bottom:var(--wp--preset--spacing--xx-large);padding-top:0;padding-bottom:0;background-position:50% 0;\">\n<div class=\"wp-block-columns is-layout-flex wp-container-core-columns-is-layout-e1a2089c wp-block-columns-is-layout-flex\">\n<div class=\"wp-block-column is-layout-flow wp-block-column-is-layout-flow\">\n<div class=\"wp-block-group has-border-color has-outline-border-color has-pure-white-background-color has-background has-global-padding is-layout-constrained wp-container-core-group-is-layout-224a6140 wp-block-group-is-layout-constrained\" style=\"border-width:1px;border-radius:30px;padding-top:var(--wp--preset--spacing--large);padding-right:var(--wp--preset--spacing--medium);padding-bottom:var(--wp--preset--spacing--large);padding-left:var(--wp--preset--spacing--medium)\">\n<h5 class=\"wp-block-heading has-primary-color has-text-color has-link-color wp-elements-c3e9f25eefa7d339c94c3eb26e526887\">Nuestra Mision <\/h5>\n\n\n\n<p style=\"font-size:17px\">Entendemos el poder del trabajo en equipo y estamos comprometidos a ayudar a cualquier persona que tenga la ambici\u00f3n de lanzar su propia empresa o mejorar una existente. Es nuestra promesa de ayudar y asesorar <\/p>\n<\/div>\n<\/div>\n\n\n\n<div class=\"wp-block-column is-layout-flow wp-block-column-is-layout-flow\">\n<div class=\"wp-block-group has-border-color has-outline-border-color has-pure-white-background-color has-background has-global-padding is-layout-constrained wp-container-core-group-is-layout-224a6140 wp-block-group-is-layout-constrained\" style=\"border-width:1px;border-radius:30px;padding-top:var(--wp--preset--spacing--large);padding-right:var(--wp--preset--spacing--medium);padding-bottom:var(--wp--preset--spacing--large);padding-left:var(--wp--preset--spacing--medium)\">\n<h5 class=\"wp-block-heading has-primary-color has-text-color has-link-color wp-elements-6fce015564ee7415ec94836ac5f9bad6\">Objetivo de la empresa<\/h5>\n\n\n\n<p style=\"font-size:17px\">Nuestra pasi\u00f3n radica en ayudar a las personas que aspiran a crear sus propias empresas personales. No existen barreras que puedan interponerse en el camino de establecer una empresa familiar .<\/p>\n<\/div>\n<\/div>\n\n\n\n<div class=\"wp-block-column is-layout-flow wp-block-column-is-layout-flow\">\n<div class=\"wp-block-group has-border-color has-outline-border-color has-pure-white-background-color has-background has-global-padding is-layout-constrained wp-container-core-group-is-layout-224a6140 wp-block-group-is-layout-constrained\" style=\"border-width:1px;border-radius:30px;padding-top:var(--wp--preset--spacing--large);padding-right:var(--wp--preset--spacing--medium);padding-bottom:var(--wp--preset--spacing--large);padding-left:var(--wp--preset--spacing--medium)\">\n<h5 class=\"wp-block-heading has-primary-color has-text-color has-link-color wp-elements-0442ccdb028df54431ab1150c26567d4\">Nuestro equipo certificado<\/h5>\n\n\n\n<p style=\"font-size:17px\">Somos una compa\u00f1\u00eda con certificaciones y licencia. Tenemos varios a\u00f1os de experiencia. <\/p>\n<\/div>\n<\/div>\n<\/div>\n\n\n\n<div class=\"wp-block-columns are-vertically-aligned-center is-layout-flex wp-container-core-columns-is-layout-d7c76d31 wp-block-columns-is-layout-flex\">\n<div class=\"wp-block-column is-vertically-aligned-center is-layout-flow wp-container-core-column-is-layout-c7b3064f wp-block-column-is-layout-flow\">\n<div class=\"wp-block-group is-horizontal is-content-justification-left is-nowrap is-layout-flex wp-container-core-group-is-layout-e5fbeb3a wp-block-group-is-layout-flex\">\n<div class=\"wp-block-group is-nowrap is-layout-flex wp-container-core-group-is-layout-6c531013 wp-block-group-is-layout-flex\">\n<figure class=\"wp-block-image size-full\"><img loading=\"lazy\" decoding=\"async\" width=\"845\" height=\"839\" src=\"https:\/\/silvasdevelopment.com\/spanish\/wp-content\/uploads\/2024\/12\/logo.png\" alt=\"\" class=\"wp-image-192\" srcset=\"https:\/\/silvasdevelopment.com\/spanish\/wp-content\/uploads\/2024\/12\/logo.png 845w, https:\/\/silvasdevelopment.com\/spanish\/wp-content\/uploads\/2024\/12\/logo-300x298.png 300w, https:\/\/silvasdevelopment.com\/spanish\/wp-content\/uploads\/2024\/12\/logo-150x150.png 150w, https:\/\/silvasdevelopment.com\/spanish\/wp-content\/uploads\/2024\/12\/logo-768x763.png 768w\" sizes=\"auto, (max-width: 845px) 100vw, 845px\" \/><\/figure>\n<\/div>\n<\/div>\n<\/div>\n\n\n\n<div class=\"wp-block-column is-vertically-aligned-center is-layout-flow wp-container-core-column-is-layout-c7b3064f wp-block-column-is-layout-flow\">\n<h6 class=\"wp-block-heading has-primary-color has-text-color has-link-color wp-elements-733d1f02e70cfcb32613b56e87039304\" style=\"line-height:1.2\">PRESENTACI\u00d3N DE NOSOTROS<\/h6>\n\n\n\n<h2 class=\"wp-block-heading has-heading-color has-text-color has-link-color wp-elements-db3bdedb3d97316b17d1c128b2a99e52\" style=\"font-style:normal;font-weight:700\">Nuestra Experiencia a trav\u00e9s de los a\u00f1os<\/h2>\n\n\n\n<p style=\"font-size:17px\">Somos una empresa independiente ubicada en la vibrante ciudad de Spokane, Washington. Desde el 2009, nos hemos dedicado a ayudar a diferentes empresas. Creemos que con nuestro apoyo, su visi\u00f3n puede superar todas las expectativas.<\/p>\n\n\n\n<p style=\"font-size:17px\">Como empresa con licencia y experiencia, priorizamos la construcci\u00f3n de relaciones s\u00f3lidas a lo largo de su proyecto. Entendemos el poder del trabajo en equipo y estamos comprometidos a ayudar a cualquiera que tenga la ambici\u00f3n de lanzar su propia empresa o mejorar una existente. Ofrecemos una variedad de opciones dise\u00f1adas para elevar su negocio a nuevas alturas.<\/p>\n\n\n\n<p style=\"font-size:17px\">Sumando toda la experiencia que tenemos con nuestro equipo, estamos 100% seguros que podemos brindarte un servicio lleno de experiencia con resultados que solo te beneficien a ti y a tu empresa. Nuestra experience consiste en negocios formados como; <\/p>\n\n\n\n<ul style=\"font-size:16px\" class=\"wp-block-list\">\n<li style=\"font-size:17px\"><strong>LLC\u2019s<\/strong><\/li>\n\n\n\n<li style=\"font-size:17px\"><strong>Sole Proprietorship<\/strong><\/li>\n\n\n\n<li style=\"font-size:17px\"><strong>Non-Profits<\/strong><\/li>\n<\/ul>\n\n\n\n<ul style=\"font-size:16px\" class=\"wp-block-list\">\n<li style=\"font-size:17px\"><strong>General Contractor&nbsp;<\/strong><\/li>\n\n\n\n<li style=\"font-size:17px\"><strong>Specialty Contractor<\/strong><\/li>\n<\/ul>\n\n\n\n<div class=\"wp-block-columns is-layout-flex wp-container-core-columns-is-layout-28f84493 wp-block-columns-is-layout-flex\">\n<div class=\"wp-block-column is-layout-flow wp-container-core-column-is-layout-8a368f38 wp-block-column-is-layout-flow\" style=\"flex-basis:33.33%\">\n<div class=\"wp-block-group is-style-default has-pure-white-color has-primary-background-color has-text-color has-background has-link-color wp-elements-a58f6e813a16e3ae7037a25c85a25cca has-global-padding is-layout-constrained wp-block-group-is-layout-constrained\" style=\"border-radius:15px\">\n<h2 class=\"wp-block-heading has-text-align-center has-pure-white-color has-text-color has-link-color has-xxxx-large-font-size wp-elements-38ed9a3f5693cd925f64c70ecaaf46f8\" style=\"line-height:0.8\">15<\/h2>\n\n\n\n<h3 class=\"wp-block-heading has-text-align-center has-pure-white-color has-text-color has-link-color has-x-large-font-size wp-elements-6e972d4ae8d54f04115eff73e0931950\" style=\"line-height:0.8\">A\u00d1OS<\/h3>\n\n\n\n<h6 class=\"wp-block-heading has-text-align-center has-pure-white-color has-text-color has-link-color wp-elements-6ec40d39fbd5c7121049c56f96fc8969\" style=\"line-height:0.8\">DE EXPERIENCIA<\/h6>\n<\/div>\n<\/div>\n<\/div>\n<\/div>\n<\/div>\n\n\n\n<div class=\"wp-block-columns are-vertically-aligned-center is-layout-flex wp-container-core-columns-is-layout-d7c76d31 wp-block-columns-is-layout-flex\">\n<div class=\"wp-block-column is-vertically-aligned-center is-layout-flow wp-container-core-column-is-layout-c7b3064f wp-block-column-is-layout-flow\">\n<h6 class=\"wp-block-heading has-primary-color has-text-color has-link-color wp-elements-1fd09667e3ab2759f89352027dc177fc\" style=\"line-height:1.2\">OFRECEMOS LOS MEJORES SERVICIOS<\/h6>\n\n\n\n<h2 class=\"wp-block-heading has-heading-color has-text-color has-link-color wp-elements-8581d69dda544eec3887ab2e9914e259\" style=\"font-style:normal;font-weight:700\"><strong>\u00bfPor qu\u00e9 elegirnos?<\/strong><\/h2>\n\n\n\n<p style=\"font-size:17px\">Silvas Business Development se especializa en ayudar a las empresas a crecer hasta alcanzar su m\u00e1ximo potencial. Ayudamos a los empresarios a expandir sus horizontes comerciales. Hemos ayudado a abrir y desarrollar negocios en todos los aspectos. Nuestra experiencia consiste en:<\/p>\n\n\n\n<ul class=\"wp-block-list\">\n<li style=\"font-size:17px\"><a href=\"http:\/\/Desarrollo empresarial\">Desarrollo empresarial<\/a><\/li>\n\n\n\n<li style=\"font-size:17px\"><a href=\"https:\/\/silvasdevelopment.com\/business-licenses\/\">Licencias comerciales<\/a><\/li>\n\n\n\n<li style=\"font-size:17px\"><a href=\"https:\/\/silvasdevelopment.com\/apostille-service-2\/\">Servicio de Apostilla<\/a><\/li>\n\n\n\n<li style=\"font-size:17px\">Marketing empresarial<\/li>\n\n\n\n<li style=\"font-size:17px\">Seguros<\/li>\n\n\n\n<li style=\"font-size:17px\">Hosting y Domains<\/li>\n\n\n\n<li style=\"font-size:17px\">Taxes y contabilidad <\/li>\n\n\n\n<li style=\"font-size:17px\">Dise\u00f1o Web<\/li>\n\n\n\n<li style=\"font-size:17px\">Organizaci\u00f3n empresarial<\/li>\n\n\n\n<li style=\"font-size:17px\">Traducci\u00f3n de documentos<\/li>\n\n\n\n<li style=\"font-size:17px\">Permisos<\/li>\n<\/ul>\n\n\n\n<div class=\"wp-block-columns is-layout-flex wp-container-core-columns-is-layout-28f84493 wp-block-columns-is-layout-flex\">\n<div class=\"wp-block-column is-layout-flow wp-container-core-column-is-layout-8a368f38 wp-block-column-is-layout-flow\" style=\"flex-basis:33.33%\">\n<div class=\"wp-block-group is-style-default has-pure-white-color has-primary-background-color has-text-color has-background has-link-color wp-elements-e4dc99d558021b2e72e086add8cdf906 has-global-padding is-layout-constrained wp-block-group-is-layout-constrained\" style=\"border-radius:15px\">\n<h2 class=\"wp-block-heading has-text-align-center has-pure-white-color has-text-color has-link-color has-xxxx-large-font-size wp-elements-4bce41bcff20146821cafb8778d3d487\" style=\"line-height:0.8\">7K<\/h2>\n\n\n\n<h3 class=\"wp-block-heading has-text-align-center has-pure-white-color has-text-color has-link-color has-x-large-font-size wp-elements-d62dc1a5e66d9cb27de6c57dc1d3fb0d\" style=\"line-height:0.8\">Seguros<\/h3>\n\n\n\n<h6 class=\"wp-block-heading has-text-align-center has-pure-white-color has-text-color has-link-color wp-elements-da059c4840225b29ad2348b06d160d34\" style=\"line-height:0.8\">Bendidos<\/h6>\n<\/div>\n<\/div>\n<\/div>\n<\/div>\n\n\n\n<div class=\"wp-block-column is-vertically-aligned-center is-layout-flow wp-container-core-column-is-layout-c7b3064f wp-block-column-is-layout-flow\">\n<div class=\"wp-block-group is-horizontal is-content-justification-left is-nowrap is-layout-flex wp-container-core-group-is-layout-e5fbeb3a wp-block-group-is-layout-flex\">\n<div class=\"wp-block-group is-nowrap is-layout-flex wp-container-core-group-is-layout-6c531013 wp-block-group-is-layout-flex\">\n<figure class=\"wp-block-image size-full is-resized\"><img loading=\"lazy\" decoding=\"async\" width=\"919\" height=\"725\" src=\"https:\/\/silvasdevelopment.com\/spanish\/wp-content\/uploads\/2024\/12\/business.png\" alt=\"\" class=\"wp-image-231\" style=\"object-fit:cover;width:641px;height:auto\" srcset=\"https:\/\/silvasdevelopment.com\/spanish\/wp-content\/uploads\/2024\/12\/business.png 919w, https:\/\/silvasdevelopment.com\/spanish\/wp-content\/uploads\/2024\/12\/business-300x237.png 300w, https:\/\/silvasdevelopment.com\/spanish\/wp-content\/uploads\/2024\/12\/business-768x606.png 768w\" sizes=\"auto, (max-width: 919px) 100vw, 919px\" \/><\/figure>\n<\/div>\n<\/div>\n<\/div>\n<\/div>\n<\/div>\n","protected":false},"excerpt":{"rendered":"<p>Nuestra Mision Entendemos el poder del trabajo en equipo y estamos comprometidos a ayudar a cualquier persona que tenga la ambici\u00f3n de lanzar su propia empresa o mejorar una existente. Es nuestra promesa de ayudar y asesorar Objetivo de la empresa Nuestra pasi\u00f3n radica en ayudar a las personas que aspiran a crear sus propias [&hellip;]<\/p>\n","protected":false},"author":1,"featured_media":0,"parent":0,"menu_order":0,"comment_status":"closed","ping_status":"closed","template":"","meta":{"_uag_custom_page_level_css":"","footnotes":""},"class_list":["post-147","page","type-page","status-publish","hentry"],"uagb_featured_image_src":{"full":false,"thumbnail":false,"medium":false,"medium_large":false,"large":false,"1536x1536":false,"2048x2048":false},"uagb_author_info":{"display_name":"admin","author_link":"https:\/\/silvasdevelopment.com\/spanish\/author\/admin\/"},"uagb_comment_info":0,"uagb_excerpt":"Nuestra Mision Entendemos el poder del trabajo en equipo y estamos comprometidos a ayudar a cualquier persona que tenga la ambici\u00f3n de lanzar su propia empresa o mejorar una existente. Es nuestra promesa de ayudar y asesorar Objetivo de la empresa Nuestra pasi\u00f3n radica en ayudar a las personas que aspiran a crear sus propias&hellip;","_links":{"self":[{"href":"https:\/\/silvasdevelopment.com\/spanish\/wp-json\/wp\/v2\/pages\/147","targetHints":{"allow":["GET"]}}],"collection":[{"href":"https:\/\/silvasdevelopment.com\/spanish\/wp-json\/wp\/v2\/pages"}],"about":[{"href":"https:\/\/silvasdevelopment.com\/spanish\/wp-json\/wp\/v2\/types\/page"}],"author":[{"embeddable":true,"href":"https:\/\/silvasdevelopment.com\/spanish\/wp-json\/wp\/v2\/users\/1"}],"replies":[{"embeddable":true,"href":"https:\/\/silvasdevelopment.com\/spanish\/wp-json\/wp\/v2\/comments?post=147"}],"version-history":[{"count":11,"href":"https:\/\/silvasdevelopment.com\/spanish\/wp-json\/wp\/v2\/pages\/147\/revisions"}],"predecessor-version":[{"id":707,"href":"https:\/\/silvasdevelopment.com\/spanish\/wp-json\/wp\/v2\/pages\/147\/revisions\/707"}],"wp:attachment":[{"href":"https:\/\/silvasdevelopment.com\/spanish\/wp-json\/wp\/v2\/media?parent=147"}],"curies":[{"name":"wp","href":"https:\/\/api.w.org\/{rel}","templated":true}]}}